{"id":2,"date":"2024-11-04T15:41:41","date_gmt":"2024-11-04T14:41:41","guid":{"rendered":"http:\/\/secretaireindependante-bfc.fr\/?page_id=2"},"modified":"2025-10-19T13:03:30","modified_gmt":"2025-10-19T11:03:30","slug":"page-d-exemple","status":"publish","type":"page","link":"https:\/\/secretaireindependante-bfc.fr\/?page_id=2","title":{"rendered":"Contact"},"content":{"rendered":"\n<h2 class=\"wp-block-heading\">Modalit\u00e9s d&rsquo;intervention<\/h2>\n\n\n\n<p>J&rsquo;interviens aussi bien :<\/p>\n\n\n\n<ul class=\"wp-block-list\">\n<li><strong>Sur site<\/strong> : il n&rsquo;est pas n\u00e9cessaire d&rsquo;am\u00e9nager un espace sp\u00e9cifique pour mon intervention. Je m&rsquo;adapte \u00e0 vos outils et \u00e0 votre fonctionnement habituel.<\/li>\n\n\n\n<li><strong>ou \u00e0 distance<\/strong> : je dispose \u00e9galement d&rsquo;un espace de travail d\u00e9di\u00e9. Les outils actuels nous permettent d&rsquo;\u00e9changer au quotidien, m\u00eame si nous ne travaillons pas au m\u00eame endroit.<\/li>\n<\/ul>\n\n\n\n<h2 class=\"wp-block-heading\">Coordonn\u00e9es<\/h2>\n\n\n\n<p>Contactez-moi :<\/p>\n\n\n\n<ul class=\"wp-block-list\">\n<li>Par t\u00e9l\u00e9phone : 06.80.24.27.12<\/li>\n\n\n\n<li>ou par mail : fanny.reyss@gmail.com<\/li>\n<\/ul>\n\n\n\n<figure class=\"wp-block-image size-full is-resized\"><img loading=\"lazy\" decoding=\"async\" width=\"1920\" height=\"2560\" src=\"https:\/\/secretaireindependante-bfc.fr\/wp-content\/uploads\/2024\/12\/DSC02764-scaled.jpg\" alt=\"\" class=\"wp-image-78\" style=\"width:202px;height:auto\" srcset=\"https:\/\/secretaireindependante-bfc.fr\/wp-content\/uploads\/2024\/12\/DSC02764-scaled.jpg 1920w, https:\/\/secretaireindependante-bfc.fr\/wp-content\/uploads\/2024\/12\/DSC02764-225x300.jpg 225w, https:\/\/secretaireindependante-bfc.fr\/wp-content\/uploads\/2024\/12\/DSC02764-768x1024.jpg 768w, https:\/\/secretaireindependante-bfc.fr\/wp-content\/uploads\/2024\/12\/DSC02764-1152x1536.jpg 1152w, https:\/\/secretaireindependante-bfc.fr\/wp-content\/uploads\/2024\/12\/DSC02764-1536x2048.jpg 1536w\" sizes=\"auto, (max-width: 1920px) 100vw, 1920px\" \/><\/figure>\n\n\n\n<div class=\"wp-block-buttons is-layout-flex wp-block-buttons-is-layout-flex\">\n<div class=\"wp-block-button\"><a class=\"wp-block-button__link wp-element-button\" href=\"https:\/\/secretaireindependante-bfc.fr\/\">Retour vers l&rsquo;accueil<\/a><\/div>\n<\/div>\n\n\n\n<p><\/p>\n","protected":false},"excerpt":{"rendered":"<p>Modalit\u00e9s d&rsquo;intervention J&rsquo;interviens aussi bien : Coordonn\u00e9es Contactez-moi :<\/p>\n","protected":false},"author":1,"featured_media":0,"parent":0,"menu_order":2,"comment_status":"closed","ping_status":"closed","template":"","meta":{"footnotes":""},"class_list":["post-2","page","type-page","status-publish","hentry"],"_links":{"self":[{"href":"https:\/\/secretaireindependante-bfc.fr\/index.php?rest_route=\/wp\/v2\/pages\/2","targetHints":{"allow":["GET"]}}],"collection":[{"href":"https:\/\/secretaireindependante-bfc.fr\/index.php?rest_route=\/wp\/v2\/pages"}],"about":[{"href":"https:\/\/secretaireindependante-bfc.fr\/index.php?rest_route=\/wp\/v2\/types\/page"}],"author":[{"embeddable":true,"href":"https:\/\/secretaireindependante-bfc.fr\/index.php?rest_route=\/wp\/v2\/users\/1"}],"replies":[{"embeddable":true,"href":"https:\/\/secretaireindependante-bfc.fr\/index.php?rest_route=%2Fwp%2Fv2%2Fcomments&post=2"}],"version-history":[{"count":9,"href":"https:\/\/secretaireindependante-bfc.fr\/index.php?rest_route=\/wp\/v2\/pages\/2\/revisions"}],"predecessor-version":[{"id":113,"href":"https:\/\/secretaireindependante-bfc.fr\/index.php?rest_route=\/wp\/v2\/pages\/2\/revisions\/113"}],"wp:attachment":[{"href":"https:\/\/secretaireindependante-bfc.fr\/index.php?rest_route=%2Fwp%2Fv2%2Fmedia&parent=2"}],"curies":[{"name":"wp","href":"https:\/\/api.w.org\/{rel}","templated":true}]}}