{"id":42,"date":"2024-12-15T18:03:05","date_gmt":"2024-12-15T17:03:05","guid":{"rendered":"https:\/\/secretaireindependante-bfc.fr\/?page_id=42"},"modified":"2025-06-26T11:47:20","modified_gmt":"2025-06-26T09:47:20","slug":"du-concret-rien-que-du-concret","status":"publish","type":"page","link":"https:\/\/secretaireindependante-bfc.fr\/?page_id=42","title":{"rendered":"Prestations"},"content":{"rendered":"\n<h2 class=\"wp-block-heading\"><em>Du concret, rien que du concret.<\/em><\/h2>\n\n\n\n<p>Chaque intervention \u00e9tant d\u00e9finie <em>sur-mesure<\/em>, je n&rsquo;ai pas d&rsquo;offre type. Je vous propose ici quelques exemples de missions d\u00e9ploy\u00e9es chez mes clients :<\/p>\n\n\n\n<h2 class=\"wp-block-heading has-medium-font-size\">ACCOMPAGNER LE DIRIGEANT <\/h2>\n\n\n\n<ul class=\"wp-block-list\">\n<li><strong>Dans les missions administratives du quotidien<\/strong> : organisation interne, suivi fournisseurs et clients, pr\u00e9paration comptable&#8230;<\/li>\n<\/ul>\n\n\n\n<ul class=\"wp-block-list\">\n<li><strong>et dans le d\u00e9veloppement de son activit\u00e9<\/strong> : mise en place d&rsquo;outils de pilotage, obtention des certifications (ex : QUALIOPI), support juridique&#8230;<\/li>\n<\/ul>\n\n\n\n<h2 class=\"wp-block-heading has-medium-font-size\">RESSOURCES HUMAINES<\/h2>\n\n\n\n<ul class=\"wp-block-list\">\n<li>Pour une commer\u00e7ante, suivi de l&rsquo;ensemble des modalit\u00e9s administratives relatives \u00e0 l&#8217;embauche, la r\u00e9mun\u00e9ration et la fin de contrat des apprentis<\/li>\n<\/ul>\n\n\n\n<ul class=\"wp-block-list\">\n<li>Pour un grand groupe industriel, intervention \u00e0 la journ\u00e9e, sur des projets ponctuels. Exemple : organisation des \u00e9lections professionnelles<\/li>\n<\/ul>\n\n\n\n<ul class=\"wp-block-list\">\n<li>Pour une autre commer\u00e7ante, accompagnement dans la pr\u00e9paration, l&rsquo;organisation et l&rsquo;animation des entretiens de recrutement <\/li>\n<\/ul>\n\n\n\n<h2 class=\"wp-block-heading has-medium-font-size\">SECRETARIAT ADMINISTRATIF ET COMPTABLE<\/h2>\n\n\n\n<ul class=\"wp-block-list\">\n<li>Pour une auto-\u00e9cole : pr\u00e9paration des \u00e9l\u00e9ments comptables mensuels<\/li>\n<\/ul>\n\n\n\n<ul class=\"wp-block-list\">\n<li>Pour une structure m\u00e9dico-sociale : cr\u00e9ation des dossiers informatis\u00e9s pour l&rsquo;ensemble des r\u00e9sidents<\/li>\n<\/ul>\n\n\n\n<h2 class=\"wp-block-heading has-medium-font-size\">SUPPORT COMMERCIAL<\/h2>\n\n\n\n<ul class=\"wp-block-list\">\n<li>Pour des diagnostiqueurs immobiliers : \u00e9tablissement de devis, planification et suivi des chantiers, facturation suivi des r\u00e8glements et relance des impay\u00e9s<\/li>\n<\/ul>\n\n\n\n<p><\/p>\n\n\n\n<p><\/p>\n\n\n\n<blockquote class=\"wp-block-quote has-text-align-center is-layout-flow wp-block-quote-is-layout-flow\">\n<p class=\"has-large-font-size\"><em>Et vous, quel est votre besoin ?<\/em><\/p>\n<\/blockquote>\n\n\n\n<div class=\"wp-block-buttons is-content-justification-center is-layout-flex wp-container-core-buttons-is-layout-a89b3969 wp-block-buttons-is-layout-flex\">\n<div class=\"wp-block-button\"><a class=\"wp-block-button__link has-medium-font-size has-text-align-left has-custom-font-size wp-element-button\" href=\"https:\/\/secretaireindependante-bfc.fr\/?page_id=2\">Contact<\/a><\/div>\n\n\n\n<div class=\"wp-block-button\"><a class=\"wp-block-button__link has-medium-font-size has-custom-font-size wp-element-button\" href=\"https:\/\/secretaireindependante-bfc.fr\/\">Retour vers l&rsquo;accueil<\/a><\/div>\n<\/div>\n\n\n\n<p><\/p>\n","protected":false},"excerpt":{"rendered":"<p>Du concret, rien que du concret. Chaque intervention \u00e9tant d\u00e9finie sur-mesure, je n&rsquo;ai pas d&rsquo;offre type. Je vous propose ici quelques exemples de missions d\u00e9ploy\u00e9es chez mes clients : ACCOMPAGNER LE DIRIGEANT RESSOURCES HUMAINES SECRETARIAT ADMINISTRATIF ET COMPTABLE SUPPORT COMMERCIAL Et vous, quel est votre besoin ?<\/p>\n","protected":false},"author":1,"featured_media":0,"parent":0,"menu_order":1,"comment_status":"closed","ping_status":"closed","template":"","meta":{"footnotes":""},"class_list":["post-42","page","type-page","status-publish","hentry"],"_links":{"self":[{"href":"https:\/\/secretaireindependante-bfc.fr\/index.php?rest_route=\/wp\/v2\/pages\/42","targetHints":{"allow":["GET"]}}],"collection":[{"href":"https:\/\/secretaireindependante-bfc.fr\/index.php?rest_route=\/wp\/v2\/pages"}],"about":[{"href":"https:\/\/secretaireindependante-bfc.fr\/index.php?rest_route=\/wp\/v2\/types\/page"}],"author":[{"embeddable":true,"href":"https:\/\/secretaireindependante-bfc.fr\/index.php?rest_route=\/wp\/v2\/users\/1"}],"replies":[{"embeddable":true,"href":"https:\/\/secretaireindependante-bfc.fr\/index.php?rest_route=%2Fwp%2Fv2%2Fcomments&post=42"}],"version-history":[{"count":15,"href":"https:\/\/secretaireindependante-bfc.fr\/index.php?rest_route=\/wp\/v2\/pages\/42\/revisions"}],"predecessor-version":[{"id":86,"href":"https:\/\/secretaireindependante-bfc.fr\/index.php?rest_route=\/wp\/v2\/pages\/42\/revisions\/86"}],"wp:attachment":[{"href":"https:\/\/secretaireindependante-bfc.fr\/index.php?rest_route=%2Fwp%2Fv2%2Fmedia&parent=42"}],"curies":[{"name":"wp","href":"https:\/\/api.w.org\/{rel}","templated":true}]}}